{"id":27,"date":"2022-07-13T10:34:42","date_gmt":"2022-07-13T08:34:42","guid":{"rendered":"https:\/\/saftkaiser.at\/wordpress\/?page_id=27"},"modified":"2025-08-07T18:29:01","modified_gmt":"2025-08-07T16:29:01","slug":"kontakt","status":"publish","type":"page","link":"https:\/\/saftkaiser.at\/wordpress\/kontakt\/","title":{"rendered":"Kontakt"},"content":{"rendered":"\t\t<div data-elementor-type=\"wp-page\" data-elementor-id=\"27\" class=\"elementor elementor-27\">\n\t\t\t\t\t\t<section class=\"elementor-section elementor-top-section elementor-element elementor-element-dfc5252 elementor-section-boxed elementor-section-height-default elementor-section-height-default\" data-id=\"dfc5252\" data-element_type=\"section\">\n\t\t\t\t\t\t<div class=\"elementor-container elementor-column-gap-default\">\n\t\t\t\t\t<div class=\"elementor-column elementor-col-100 elementor-top-column elementor-element elementor-element-2209176\" data-id=\"2209176\" data-element_type=\"column\">\n\t\t\t<div class=\"elementor-widget-wrap elementor-element-populated\">\n\t\t\t\t\t\t<div class=\"elementor-element elementor-element-e74f9b2 elementor-widget elementor-widget-text-editor\" data-id=\"e74f9b2\" data-element_type=\"widget\" data-widget_type=\"text-editor.default\">\n\t\t\t\t<div class=\"elementor-widget-container\">\n\t\t\t\t\t\t\t\t\t<p>Die Anmeldung erfolgt ab 1. August \u00fcber die Presshotline Saftkaiser <a href=\"tel:0043-664-7900021\">0043 664 7900021<\/a>.<\/p><p>Jederzeit k\u00f6nnen Sie uns \u00fcber das unten angef\u00fchrte Kontaktformular erreichen.<\/p>\t\t\t\t\t\t\t\t<\/div>\n\t\t\t\t<\/div>\n\t\t\t\t\t<\/div>\n\t\t<\/div>\n\t\t\t\t\t<\/div>\n\t\t<\/section>\n\t\t\t\t<section class=\"elementor-section elementor-top-section elementor-element elementor-element-81659a4 elementor-section-boxed elementor-section-height-default elementor-section-height-default\" data-id=\"81659a4\" data-element_type=\"section\">\n\t\t\t\t\t\t<div class=\"elementor-container elementor-column-gap-default\">\n\t\t\t\t\t<div class=\"elementor-column elementor-col-100 elementor-top-column elementor-element elementor-element-9a67c9c\" data-id=\"9a67c9c\" data-element_type=\"column\">\n\t\t\t<div class=\"elementor-widget-wrap elementor-element-populated\">\n\t\t\t\t\t\t<div class=\"elementor-element elementor-element-db7375b elementor-widget elementor-widget-wpforms\" data-id=\"db7375b\" data-element_type=\"widget\" data-widget_type=\"wpforms.default\">\n\t\t\t\t<div class=\"elementor-widget-container\">\n\t\t\t\t\t<div class=\"wpforms-container wpforms-container-full\" id=\"wpforms-158\"><form id=\"wpforms-form-158\" class=\"wpforms-validate wpforms-form wpforms-ajax-form\" data-formid=\"158\" method=\"post\" enctype=\"multipart\/form-data\" action=\"\/wordpress\/wp-json\/wp\/v2\/pages\/27\" data-token=\"74412620d09a35d4cc15a8eb830e59f7\" data-token-time=\"1776418268\"><noscript class=\"wpforms-error-noscript\">Please enable JavaScript in your browser to complete this form.<\/noscript><div class=\"wpforms-field-container\"><div id=\"wpforms-158-field_0-container\" class=\"wpforms-field wpforms-field-name\" data-field-id=\"0\"><label class=\"wpforms-field-label\" for=\"wpforms-158-field_0\">Name <span class=\"wpforms-required-label\">*<\/span><\/label><input type=\"text\" id=\"wpforms-158-field_0\" class=\"wpforms-field-medium wpforms-field-required\" name=\"wpforms[fields][0]\" required><\/div><div id=\"wpforms-158-field_1-container\" class=\"wpforms-field wpforms-field-email\" data-field-id=\"1\"><label class=\"wpforms-field-label\" for=\"wpforms-158-field_1\">E-Mail <span class=\"wpforms-required-label\">*<\/span><\/label><input type=\"email\" id=\"wpforms-158-field_1\" class=\"wpforms-field-medium wpforms-field-required\" name=\"wpforms[fields][1]\" spellcheck=\"false\" required><\/div><div id=\"wpforms-158-field_3-container\" class=\"wpforms-field wpforms-field-text\" data-field-id=\"3\"><label class=\"wpforms-field-label\" for=\"wpforms-158-field_3\">Betreff<\/label><input type=\"text\" id=\"wpforms-158-field_3\" class=\"wpforms-field-medium\" name=\"wpforms[fields][3]\" ><\/div><div id=\"wpforms-158-field_2-container\" class=\"wpforms-field wpforms-field-textarea\" data-field-id=\"2\"><label class=\"wpforms-field-label\" for=\"wpforms-158-field_2\">Nachricht <span class=\"wpforms-required-label\">*<\/span><\/label><textarea id=\"wpforms-158-field_2\" class=\"wpforms-field-medium wpforms-field-required\" name=\"wpforms[fields][2]\" required><\/textarea><\/div><\/div><!-- .wpforms-field-container --><div class=\"wpforms-submit-container\" ><input type=\"hidden\" name=\"wpforms[id]\" value=\"158\"><input type=\"hidden\" name=\"page_title\" value=\"\"><input type=\"hidden\" name=\"page_url\" value=\"https:\/\/saftkaiser.at\/wordpress\/wp-json\/wp\/v2\/pages\/27\"><input type=\"hidden\" name=\"url_referer\" value=\"\"><button type=\"submit\" name=\"wpforms[submit]\" id=\"wpforms-submit-158\" class=\"wpforms-submit\" data-alt-text=\"Senden...\" data-submit-text=\"Absenden\" aria-live=\"assertive\" value=\"wpforms-submit\">Absenden<\/button><img decoding=\"async\" src=\"https:\/\/saftkaiser.at\/wordpress\/wp-content\/plugins\/wpforms-lite\/assets\/images\/submit-spin.svg\" class=\"wpforms-submit-spinner\" style=\"display: none;\" width=\"26\" height=\"26\" alt=\"Loading\"><\/div><\/form><\/div>  <!-- .wpforms-container -->\t\t\t\t<\/div>\n\t\t\t\t<\/div>\n\t\t\t\t\t<\/div>\n\t\t<\/div>\n\t\t\t\t\t<\/div>\n\t\t<\/section>\n\t\t\t\t<section class=\"elementor-section elementor-top-section elementor-element elementor-element-41c5397 elementor-section-boxed elementor-section-height-default elementor-section-height-default\" data-id=\"41c5397\" data-element_type=\"section\">\n\t\t\t\t\t\t<div class=\"elementor-container elementor-column-gap-default\">\n\t\t\t\t\t<div class=\"elementor-column elementor-col-100 elementor-top-column elementor-element elementor-element-99b7cd1\" data-id=\"99b7cd1\" data-element_type=\"column\">\n\t\t\t<div class=\"elementor-widget-wrap elementor-element-populated\">\n\t\t\t\t\t\t<div class=\"elementor-element elementor-element-ce0ed9e elementor-widget elementor-widget-spacer\" data-id=\"ce0ed9e\" data-element_type=\"widget\" data-widget_type=\"spacer.default\">\n\t\t\t\t<div class=\"elementor-widget-container\">\n\t\t\t\t\t\t\t<div class=\"elementor-spacer\">\n\t\t\t<div class=\"elementor-spacer-inner\"><\/div>\n\t\t<\/div>\n\t\t\t\t\t\t<\/div>\n\t\t\t\t<\/div>\n\t\t\t\t\t<\/div>\n\t\t<\/div>\n\t\t\t\t\t<\/div>\n\t\t<\/section>\n\t\t\t\t<\/div>\n\t\t","protected":false},"excerpt":{"rendered":"<p>Die Anmeldung erfolgt ab 1. August \u00fcber die Presshotline Saftkaiser 0043 664 7900021. Jederzeit k\u00f6nnen Sie uns \u00fcber das unten angef\u00fchrte Kontaktformular erreichen. Please enable JavaScript in your browser to complete this form.Name *E-Mail *BetreffNachricht * Absenden<\/p>\n","protected":false},"author":1,"featured_media":0,"parent":0,"menu_order":0,"comment_status":"closed","ping_status":"closed","template":"","meta":{"footnotes":""},"class_list":["post-27","page","type-page","status-publish","hentry"],"yoast_head":"<!-- This site is optimized with the Yoast SEO plugin v27.4 - https:\/\/yoast.com\/product\/yoast-seo-wordpress\/ -->\n<title>Kontakt - Saftkaiser<\/title>\n<meta name=\"robots\" content=\"index, follow, max-snippet:-1, max-image-preview:large, max-video-preview:-1\" \/>\n<link rel=\"canonical\" href=\"https:\/\/saftkaiser.at\/wordpress\/kontakt\/\" \/>\n<meta property=\"og:locale\" content=\"de_DE\" \/>\n<meta property=\"og:type\" content=\"article\" \/>\n<meta property=\"og:title\" content=\"Kontakt - Saftkaiser\" \/>\n<meta property=\"og:description\" content=\"Die Anmeldung erfolgt ab 1. August \u00fcber die Presshotline Saftkaiser 0043 664 7900021. Jederzeit k\u00f6nnen Sie uns \u00fcber das unten angef\u00fchrte Kontaktformular erreichen. Please enable JavaScript in your browser to complete this form.Name *E-Mail *BetreffNachricht * Absenden\" \/>\n<meta property=\"og:url\" content=\"https:\/\/saftkaiser.at\/wordpress\/kontakt\/\" \/>\n<meta property=\"og:site_name\" content=\"Saftkaiser\" \/>\n<meta property=\"article:modified_time\" content=\"2025-08-07T16:29:01+00:00\" \/>\n<meta property=\"og:image\" content=\"https:\/\/saftkaiser.at\/wordpress\/wp-content\/plugins\/wpforms-lite\/assets\/images\/submit-spin.svg\" \/>\n<meta name=\"twitter:card\" content=\"summary_large_image\" \/>\n<meta name=\"twitter:label1\" content=\"Gesch\u00e4tzte Lesezeit\" \/>\n\t<meta name=\"twitter:data1\" content=\"1 Minute\" \/>\n<script type=\"application\/ld+json\" class=\"yoast-schema-graph\">{\"@context\":\"https:\\\/\\\/schema.org\",\"@graph\":[{\"@type\":\"WebPage\",\"@id\":\"https:\\\/\\\/saftkaiser.at\\\/wordpress\\\/kontakt\\\/\",\"url\":\"https:\\\/\\\/saftkaiser.at\\\/wordpress\\\/kontakt\\\/\",\"name\":\"Kontakt - Saftkaiser\",\"isPartOf\":{\"@id\":\"https:\\\/\\\/saftkaiser.at\\\/wordpress\\\/#website\"},\"primaryImageOfPage\":{\"@id\":\"https:\\\/\\\/saftkaiser.at\\\/wordpress\\\/kontakt\\\/#primaryimage\"},\"image\":{\"@id\":\"https:\\\/\\\/saftkaiser.at\\\/wordpress\\\/kontakt\\\/#primaryimage\"},\"thumbnailUrl\":\"https:\\\/\\\/saftkaiser.at\\\/wordpress\\\/wp-content\\\/plugins\\\/wpforms-lite\\\/assets\\\/images\\\/submit-spin.svg\",\"datePublished\":\"2022-07-13T08:34:42+00:00\",\"dateModified\":\"2025-08-07T16:29:01+00:00\",\"breadcrumb\":{\"@id\":\"https:\\\/\\\/saftkaiser.at\\\/wordpress\\\/kontakt\\\/#breadcrumb\"},\"inLanguage\":\"de-AT\",\"potentialAction\":[{\"@type\":\"ReadAction\",\"target\":[\"https:\\\/\\\/saftkaiser.at\\\/wordpress\\\/kontakt\\\/\"]}]},{\"@type\":\"ImageObject\",\"inLanguage\":\"de-AT\",\"@id\":\"https:\\\/\\\/saftkaiser.at\\\/wordpress\\\/kontakt\\\/#primaryimage\",\"url\":\"https:\\\/\\\/saftkaiser.at\\\/wordpress\\\/wp-content\\\/plugins\\\/wpforms-lite\\\/assets\\\/images\\\/submit-spin.svg\",\"contentUrl\":\"https:\\\/\\\/saftkaiser.at\\\/wordpress\\\/wp-content\\\/plugins\\\/wpforms-lite\\\/assets\\\/images\\\/submit-spin.svg\"},{\"@type\":\"BreadcrumbList\",\"@id\":\"https:\\\/\\\/saftkaiser.at\\\/wordpress\\\/kontakt\\\/#breadcrumb\",\"itemListElement\":[{\"@type\":\"ListItem\",\"position\":1,\"name\":\"Startseite\",\"item\":\"https:\\\/\\\/saftkaiser.at\\\/wordpress\\\/\"},{\"@type\":\"ListItem\",\"position\":2,\"name\":\"Kontakt\"}]},{\"@type\":\"WebSite\",\"@id\":\"https:\\\/\\\/saftkaiser.at\\\/wordpress\\\/#website\",\"url\":\"https:\\\/\\\/saftkaiser.at\\\/wordpress\\\/\",\"name\":\"Saftkaiser\",\"description\":\"\",\"publisher\":{\"@id\":\"https:\\\/\\\/saftkaiser.at\\\/wordpress\\\/#organization\"},\"potentialAction\":[{\"@type\":\"SearchAction\",\"target\":{\"@type\":\"EntryPoint\",\"urlTemplate\":\"https:\\\/\\\/saftkaiser.at\\\/wordpress\\\/?s={search_term_string}\"},\"query-input\":{\"@type\":\"PropertyValueSpecification\",\"valueRequired\":true,\"valueName\":\"search_term_string\"}}],\"inLanguage\":\"de-AT\"},{\"@type\":\"Organization\",\"@id\":\"https:\\\/\\\/saftkaiser.at\\\/wordpress\\\/#organization\",\"name\":\"Saftkaiser\",\"url\":\"https:\\\/\\\/saftkaiser.at\\\/wordpress\\\/\",\"logo\":{\"@type\":\"ImageObject\",\"inLanguage\":\"de-AT\",\"@id\":\"https:\\\/\\\/saftkaiser.at\\\/wordpress\\\/#\\\/schema\\\/logo\\\/image\\\/\",\"url\":\"https:\\\/\\\/saftkaiser.at\\\/wordpress\\\/wp-content\\\/uploads\\\/2022\\\/07\\\/cropped-Logo_Klassisch.png\",\"contentUrl\":\"https:\\\/\\\/saftkaiser.at\\\/wordpress\\\/wp-content\\\/uploads\\\/2022\\\/07\\\/cropped-Logo_Klassisch.png\",\"width\":954,\"height\":487,\"caption\":\"Saftkaiser\"},\"image\":{\"@id\":\"https:\\\/\\\/saftkaiser.at\\\/wordpress\\\/#\\\/schema\\\/logo\\\/image\\\/\"}}]}<\/script>\n<!-- \/ Yoast SEO plugin. -->","yoast_head_json":{"title":"Kontakt - Saftkaiser","robots":{"index":"index","follow":"follow","max-snippet":"max-snippet:-1","max-image-preview":"max-image-preview:large","max-video-preview":"max-video-preview:-1"},"canonical":"https:\/\/saftkaiser.at\/wordpress\/kontakt\/","og_locale":"de_DE","og_type":"article","og_title":"Kontakt - Saftkaiser","og_description":"Die Anmeldung erfolgt ab 1. August \u00fcber die Presshotline Saftkaiser 0043 664 7900021. Jederzeit k\u00f6nnen Sie uns \u00fcber das unten angef\u00fchrte Kontaktformular erreichen. Please enable JavaScript in your browser to complete this form.Name *E-Mail *BetreffNachricht * Absenden","og_url":"https:\/\/saftkaiser.at\/wordpress\/kontakt\/","og_site_name":"Saftkaiser","article_modified_time":"2025-08-07T16:29:01+00:00","og_image":[{"url":"https:\/\/saftkaiser.at\/wordpress\/wp-content\/plugins\/wpforms-lite\/assets\/images\/submit-spin.svg","type":"","width":"","height":""}],"twitter_card":"summary_large_image","twitter_misc":{"Gesch\u00e4tzte Lesezeit":"1 Minute"},"schema":{"@context":"https:\/\/schema.org","@graph":[{"@type":"WebPage","@id":"https:\/\/saftkaiser.at\/wordpress\/kontakt\/","url":"https:\/\/saftkaiser.at\/wordpress\/kontakt\/","name":"Kontakt - Saftkaiser","isPartOf":{"@id":"https:\/\/saftkaiser.at\/wordpress\/#website"},"primaryImageOfPage":{"@id":"https:\/\/saftkaiser.at\/wordpress\/kontakt\/#primaryimage"},"image":{"@id":"https:\/\/saftkaiser.at\/wordpress\/kontakt\/#primaryimage"},"thumbnailUrl":"https:\/\/saftkaiser.at\/wordpress\/wp-content\/plugins\/wpforms-lite\/assets\/images\/submit-spin.svg","datePublished":"2022-07-13T08:34:42+00:00","dateModified":"2025-08-07T16:29:01+00:00","breadcrumb":{"@id":"https:\/\/saftkaiser.at\/wordpress\/kontakt\/#breadcrumb"},"inLanguage":"de-AT","potentialAction":[{"@type":"ReadAction","target":["https:\/\/saftkaiser.at\/wordpress\/kontakt\/"]}]},{"@type":"ImageObject","inLanguage":"de-AT","@id":"https:\/\/saftkaiser.at\/wordpress\/kontakt\/#primaryimage","url":"https:\/\/saftkaiser.at\/wordpress\/wp-content\/plugins\/wpforms-lite\/assets\/images\/submit-spin.svg","contentUrl":"https:\/\/saftkaiser.at\/wordpress\/wp-content\/plugins\/wpforms-lite\/assets\/images\/submit-spin.svg"},{"@type":"BreadcrumbList","@id":"https:\/\/saftkaiser.at\/wordpress\/kontakt\/#breadcrumb","itemListElement":[{"@type":"ListItem","position":1,"name":"Startseite","item":"https:\/\/saftkaiser.at\/wordpress\/"},{"@type":"ListItem","position":2,"name":"Kontakt"}]},{"@type":"WebSite","@id":"https:\/\/saftkaiser.at\/wordpress\/#website","url":"https:\/\/saftkaiser.at\/wordpress\/","name":"Saftkaiser","description":"","publisher":{"@id":"https:\/\/saftkaiser.at\/wordpress\/#organization"},"potentialAction":[{"@type":"SearchAction","target":{"@type":"EntryPoint","urlTemplate":"https:\/\/saftkaiser.at\/wordpress\/?s={search_term_string}"},"query-input":{"@type":"PropertyValueSpecification","valueRequired":true,"valueName":"search_term_string"}}],"inLanguage":"de-AT"},{"@type":"Organization","@id":"https:\/\/saftkaiser.at\/wordpress\/#organization","name":"Saftkaiser","url":"https:\/\/saftkaiser.at\/wordpress\/","logo":{"@type":"ImageObject","inLanguage":"de-AT","@id":"https:\/\/saftkaiser.at\/wordpress\/#\/schema\/logo\/image\/","url":"https:\/\/saftkaiser.at\/wordpress\/wp-content\/uploads\/2022\/07\/cropped-Logo_Klassisch.png","contentUrl":"https:\/\/saftkaiser.at\/wordpress\/wp-content\/uploads\/2022\/07\/cropped-Logo_Klassisch.png","width":954,"height":487,"caption":"Saftkaiser"},"image":{"@id":"https:\/\/saftkaiser.at\/wordpress\/#\/schema\/logo\/image\/"}}]}},"_links":{"self":[{"href":"https:\/\/saftkaiser.at\/wordpress\/wp-json\/wp\/v2\/pages\/27","targetHints":{"allow":["GET"]}}],"collection":[{"href":"https:\/\/saftkaiser.at\/wordpress\/wp-json\/wp\/v2\/pages"}],"about":[{"href":"https:\/\/saftkaiser.at\/wordpress\/wp-json\/wp\/v2\/types\/page"}],"author":[{"embeddable":true,"href":"https:\/\/saftkaiser.at\/wordpress\/wp-json\/wp\/v2\/users\/1"}],"replies":[{"embeddable":true,"href":"https:\/\/saftkaiser.at\/wordpress\/wp-json\/wp\/v2\/comments?post=27"}],"version-history":[{"count":73,"href":"https:\/\/saftkaiser.at\/wordpress\/wp-json\/wp\/v2\/pages\/27\/revisions"}],"predecessor-version":[{"id":1257,"href":"https:\/\/saftkaiser.at\/wordpress\/wp-json\/wp\/v2\/pages\/27\/revisions\/1257"}],"wp:attachment":[{"href":"https:\/\/saftkaiser.at\/wordpress\/wp-json\/wp\/v2\/media?parent=27"}],"curies":[{"name":"wp","href":"https:\/\/api.w.org\/{rel}","templated":true}]}}